{"id":151,"date":"2022-04-16T19:12:58","date_gmt":"2022-04-16T16:12:58","guid":{"rendered":"http:\/\/www.3sbilgisayar.com\/?page_id=151"},"modified":"2025-04-07T17:13:49","modified_gmt":"2025-04-07T14:13:49","slug":"server-2","status":"publish","type":"page","link":"https:\/\/3sbilgisayar.com\/?page_id=151","title":{"rendered":"Server Kurulumu Ve Sat\u0131\u015f\u0131"},"content":{"rendered":"<div class=\"wpb-content-wrapper\"><p>[vc_row][vc_column][vc_column_text css_animation=&#8221;none&#8221; css=&#8221;&#8221;]<\/p>\n<h1 style=\"text-align: center;\">Server Kurulumu Ve Sat\u0131\u015f\u0131<\/h1>\n<p>[\/vc_column_text][\/vc_column][\/vc_row][vc_row equal_height=&#8221;yes&#8221; content_placement=&#8221;middle&#8221;][vc_column css_animation=&#8221;none&#8221; width=&#8221;1\/2&#8243;][vc_column_text]<\/p>\n<div class=\"ui--blog-header\">\n<h3 class=\"ui--blog-title entry-title clearfix\" style=\"text-align: justify;\"><span class=\"ui--blog-link\">Server ve Network Kurulumu<\/span><\/h3>\n<\/div>\n<div class=\"ui--blog-content\">\n<p style=\"text-align: justify;\">Firmam\u0131z server kurulumu konusunda y\u0131llar\u0131n tecr\u00fcbesi ve deneyimine sahiptir. S\u00fcrekli \u00e7al\u0131\u015fmas\u0131 gereken sunucular genelde yedekli yap\u0131larla \u00e7al\u0131\u015fmaktad\u0131r. Sunucularda aranmas\u0131 gereken en \u00f6nemli \u00f6zellik sorunsuz \u00e7al\u0131\u015fma ve g\u00fcvenilirlik olmal\u0131d\u0131r.<\/p>\n<div>\n<p style=\"text-align: justify;\">Firmam\u0131z sadece Server Kurulumu\u00a0 hizmetini vermekle kalm\u0131yor, Server kurulumu sonras\u0131 periyodik bak\u0131m hizmetine vermektedir. Bak\u0131m hizmetlerimiz ile \u00f6nceden olas\u0131 sorunlar\u0131 engellemek, sizin talebinize g\u00f6re ayarlar\u0131n de\u011fi\u015ftirilmesi yer almaktad\u0131r.<\/p>\n<h3 class=\"ui--icon-box-title ui--animation text-left\" style=\"text-align: justify;\" data-fx=\"fx--no-effect\">Server VPS \u00c7\u00f6z\u00fcmleri<\/h3>\n<div class=\"ui--animation ui--icon-box-text text-left\" style=\"text-align: justify;\" data-fx=\"fx--no-effect\">\n<p>Sunucu VPS sanal sunucu anlam\u0131na gelmektedir. Birbirinden ba\u011f\u0131ms\u0131z ancak birden fazla sanal sunucu kullanma imk\u00e2n\u0131 tan\u0131maktad\u0131r. Ayn\u0131 sunucuda olduklar\u0131 halde birbirinden ba\u011f\u0131ms\u0131z olarak \u00e7al\u0131\u015fmaktad\u0131r. Detayl\u0131 bilgi i\u00e7in aray\u0131n\u0131z.<\/p><\/div>\n<p style=\"text-align: justify;\">\n<\/div>\n<\/div>\n<p>[\/vc_column_text][\/vc_column][vc_column css_animation=&#8221;none&#8221; width=&#8221;1\/2&#8243;][vc_single_image image=&#8221;152&#8243; img_size=&#8221;full&#8221;][\/vc_column][\/vc_row][vc_row content_placement=&#8221;middle&#8221; css=&#8221;.vc_custom_1650214106900{background-color: rgba(185,185,191,0.18) !important;*background-color: rgb(185,185,191) !important;}&#8221;][vc_column css_animation=&#8221;none&#8221; width=&#8221;1\/2&#8243;][vc_single_image image=&#8221;153&#8243; img_size=&#8221;full&#8221; alignment=&#8221;right&#8221; css_animation=&#8221;none&#8221; css=&#8221;&#8221;][\/vc_column][vc_column css_animation=&#8221;none&#8221; width=&#8221;1\/2&#8243;][vc_column_text]<\/p>\n<h3 class=\"ui--icon-box-title ui--animation text-left\" style=\"text-align: justify;\" data-fx=\"fx--no-effect\">Sunucu VPN \u00c7\u00f6z\u00fcmleri<\/h3>\n<div class=\"ui--animation ui--icon-box-text text-left\" data-fx=\"fx--no-effect\">\n<p style=\"text-align: justify;\">VPN Firewall \u00c7\u00f6z\u00fcmleri genelde Https eri\u015fimine izin verildi\u011finde \u015firket a\u011flar\u0131n\u0131n bu kanaldan gelecek tehditlere kar\u015f\u0131 g\u00fcvenlik bile\u015fenlerinin kontrol edilmesini sa\u011flamaktad\u0131r. B\u00f6ylece kurumlar bu g\u00fcvenlik duvar\u0131 sayesinde yerel a\u011flarda bulunan verileri di\u011fer a\u011flardan gelebilecek sald\u0131r\u0131lara kar\u015f\u0131 koruyabilmektedir.<\/p>\n<div class=\"ui--icon-box-content\">\n<h3 class=\"ui--icon-box-title ui--animation text-left\" style=\"text-align: justify;\" data-fx=\"fx--no-effect\">Server Firewall \u00c7\u00f6z\u00fcmleri<\/h3>\n<div class=\"ui--animation ui--icon-box-text text-left\" data-fx=\"fx--no-effect\">\n<p style=\"text-align: justify;\">Server Firewall \u00c7\u00f6z\u00fcmleri, k\u00f6t\u00fc ama\u00e7l\u0131 yaz\u0131l\u0131mlar\u0131n a\u011f ba\u011flant\u0131s\u0131 ve a\u011fa ba\u011fl\u0131 kullan\u0131c\u0131lara zarar vermesini engeller. Aksi halde b\u00fcy\u00fck kay\u0131plar ya\u015fanabilmektedir. Elektronik ortamdaki verilerinizin k\u00f6t\u00fc ki\u015filerin eline ge\u00e7mesini engelleyen g\u00fcvenlik duvar\u0131 sayesinde, \u00f6nemi verileriniz g\u00fcvenlik alt\u0131na al\u0131nmaktad\u0131r.<\/p>\n<\/div>\n<\/div>\n<\/div>\n<p>[\/vc_column_text][\/vc_column][\/vc_row][vc_row equal_height=&#8221;yes&#8221; content_placement=&#8221;middle&#8221;][vc_column css_animation=&#8221;none&#8221; width=&#8221;1\/2&#8243;][vc_column_text]<\/p>\n<h3 class=\"ui--icon-box-title ui--animation text-left\" style=\"text-align: justify;\" data-fx=\"fx--no-effect\">Server Yedekleme \u00c7\u00f6z\u00fcmleri<\/h3>\n<div class=\"ui--animation ui--icon-box-text text-left\" data-fx=\"fx--no-effect\">\n<p style=\"text-align: justify;\">Sunucu yedekleme \u00e7\u00f6z\u00fcmleri g\u00fcnl\u00fck, haftal\u0131k ve ayl\u0131k olarak yedekleme se\u00e7enekleri ile \u00e7al\u0131\u015fan bir yedekleme hizmetidir. Profesyonel yedekleme hizmetleri i\u00e7in bize ula\u015f\u0131n.<\/p>\n<h3 class=\"ui--icon-box-title ui--animation text-left\" style=\"text-align: justify;\" data-fx=\"fx--no-effect\">Sunucu Mail \u00c7\u00f6z\u00fcmleri<\/h3>\n<div class=\"ui--animation ui--icon-box-text text-left\" data-fx=\"fx--no-effect\">\n<p style=\"text-align: justify;\">Firmam\u0131z\u0131n verdi\u011fi sunucu mail \u00e7\u00f6z\u00fcmleri sayesinde yo\u011fun e-mail trafi\u011fini y\u00f6netebilirsiniz<\/p>\n<\/div>\n<\/div>\n<p>[\/vc_column_text][\/vc_column][vc_column css_animation=&#8221;none&#8221; width=&#8221;1\/2&#8243;][vc_single_image image=&#8221;154&#8243; img_size=&#8221;full&#8221;][\/vc_column][\/vc_row]<\/p>\n<\/div>","protected":false},"excerpt":{"rendered":"<p>[vc_row][vc_column][vc_column_text css_animation=&#8221;none&#8221; css=&#8221;&#8221;] Server Kurulumu Ve Sat\u0131\u015f\u0131 [\/vc_column_text][\/vc_column][\/vc_row][vc_row equal_height=&#8221;yes&#8221; content_placement=&#8221;middle&#8221;][vc_column css_animation=&#8221;none&#8221; width=&#8221;1\/2&#8243;][vc_column_text] Server ve Network Kurulumu Firmam\u0131z server kurulumu konusunda y\u0131llar\u0131n tecr\u00fcbesi ve deneyimine sahiptir. S\u00fcrekli \u00e7al\u0131\u015fmas\u0131 gereken sunucular genelde yedekli yap\u0131larla \u00e7al\u0131\u015fmaktad\u0131r. Sunucularda aranmas\u0131 gereken en \u00f6nemli \u00f6zellik sorunsuz \u00e7al\u0131\u015fma ve g\u00fcvenilirlik olmal\u0131d\u0131r. Firmam\u0131z sadece Server Kurulumu\u00a0 hizmetini vermekle kalm\u0131yor, Server kurulumu sonras\u0131 periyodik [&hellip;]<\/p>\n","protected":false},"author":1,"featured_media":0,"parent":0,"menu_order":0,"comment_status":"closed","ping_status":"closed","template":"","meta":{"footnotes":""},"class_list":["post-151","page","type-page","status-publish","hentry"],"_links":{"self":[{"href":"https:\/\/3sbilgisayar.com\/index.php?rest_route=\/wp\/v2\/pages\/151","targetHints":{"allow":["GET"]}}],"collection":[{"href":"https:\/\/3sbilgisayar.com\/index.php?rest_route=\/wp\/v2\/pages"}],"about":[{"href":"https:\/\/3sbilgisayar.com\/index.php?rest_route=\/wp\/v2\/types\/page"}],"author":[{"embeddable":true,"href":"https:\/\/3sbilgisayar.com\/index.php?rest_route=\/wp\/v2\/users\/1"}],"replies":[{"embeddable":true,"href":"https:\/\/3sbilgisayar.com\/index.php?rest_route=%2Fwp%2Fv2%2Fcomments&post=151"}],"version-history":[{"count":0,"href":"https:\/\/3sbilgisayar.com\/index.php?rest_route=\/wp\/v2\/pages\/151\/revisions"}],"wp:attachment":[{"href":"https:\/\/3sbilgisayar.com\/index.php?rest_route=%2Fwp%2Fv2%2Fmedia&parent=151"}],"curies":[{"name":"wp","href":"https:\/\/api.w.org\/{rel}","templated":true}]}}