{"id":183,"date":"2022-04-16T21:18:52","date_gmt":"2022-04-16T18:18:52","guid":{"rendered":"http:\/\/www.3sbilgisayar.com\/?page_id=183"},"modified":"2025-04-07T15:57:24","modified_gmt":"2025-04-07T12:57:24","slug":"tamirat","status":"publish","type":"page","link":"https:\/\/3sbilgisayar.com\/?page_id=183","title":{"rendered":"Elektronik Tamirat"},"content":{"rendered":"<div class=\"wpb-content-wrapper\"><p>[vc_row][vc_column][vc_column_text css_animation=&#8221;none&#8221; css=&#8221;&#8221;]<\/p>\n<h1 style=\"text-align: center;\">Elektronik Tamirat<\/h1>\n<p>[\/vc_column_text][\/vc_column][\/vc_row][vc_row equal_height=&#8221;yes&#8221; content_placement=&#8221;middle&#8221;][vc_column css_animation=&#8221;none&#8221; width=&#8221;1\/2&#8243;][vc_column_text]<\/p>\n<p class=\"font_8\" style=\"text-align: justify;\">Her t\u00fcrl\u00fc elektronik cihaz\u0131n tamirat\u0131, Notebook ana kart tamiri, adapt\u00f6r tamiri, ekran kart\u0131 tamiri, klavye sorunlar\u0131 ve Notebooklar\u0131n\u0131z\u0131n yaz\u0131l\u0131msal ve donan\u0131msal t\u00fcm sorunlar\u0131 \u00e7\u00f6z\u00fcml\u00fcyoruz. Orijinal Lcd panel ile k\u0131r\u0131lan bozulan monit\u00f6rlerinizi de\u011fi\u015ftiriyoruz. Darbeye maruz kalan kasalar\u0131n tamirini mente\u015fe de\u011fi\u015fimini ger\u00e7ekle\u015ftiriyoruz<\/p>\n<p>[\/vc_column_text][\/vc_column][vc_column css_animation=&#8221;none&#8221; width=&#8221;1\/2&#8243;][vc_single_image image=&#8221;179&#8243; img_size=&#8221;full&#8221;][\/vc_column][\/vc_row]<\/p>\n<\/div>","protected":false},"excerpt":{"rendered":"<p>[vc_row][vc_column][vc_column_text css_animation=&#8221;none&#8221; css=&#8221;&#8221;] Elektronik Tamirat [\/vc_column_text][\/vc_column][\/vc_row][vc_row equal_height=&#8221;yes&#8221; content_placement=&#8221;middle&#8221;][vc_column css_animation=&#8221;none&#8221; width=&#8221;1\/2&#8243;][vc_column_text] Her t\u00fcrl\u00fc elektronik cihaz\u0131n tamirat\u0131, Notebook ana kart tamiri, adapt\u00f6r tamiri, ekran kart\u0131 tamiri, klavye sorunlar\u0131 ve Notebooklar\u0131n\u0131z\u0131n yaz\u0131l\u0131msal ve donan\u0131msal t\u00fcm sorunlar\u0131 \u00e7\u00f6z\u00fcml\u00fcyoruz. Orijinal Lcd panel ile k\u0131r\u0131lan bozulan monit\u00f6rlerinizi de\u011fi\u015ftiriyoruz. Darbeye maruz kalan kasalar\u0131n tamirini mente\u015fe de\u011fi\u015fimini ger\u00e7ekle\u015ftiriyoruz [\/vc_column_text][\/vc_column][vc_column css_animation=&#8221;none&#8221; width=&#8221;1\/2&#8243;][vc_single_image image=&#8221;179&#8243; img_size=&#8221;full&#8221;][\/vc_column][\/vc_row]<\/p>\n","protected":false},"author":1,"featured_media":0,"parent":0,"menu_order":0,"comment_status":"closed","ping_status":"closed","template":"","meta":{"footnotes":""},"class_list":["post-183","page","type-page","status-publish","hentry"],"_links":{"self":[{"href":"https:\/\/3sbilgisayar.com\/index.php?rest_route=\/wp\/v2\/pages\/183","targetHints":{"allow":["GET"]}}],"collection":[{"href":"https:\/\/3sbilgisayar.com\/index.php?rest_route=\/wp\/v2\/pages"}],"about":[{"href":"https:\/\/3sbilgisayar.com\/index.php?rest_route=\/wp\/v2\/types\/page"}],"author":[{"embeddable":true,"href":"https:\/\/3sbilgisayar.com\/index.php?rest_route=\/wp\/v2\/users\/1"}],"replies":[{"embeddable":true,"href":"https:\/\/3sbilgisayar.com\/index.php?rest_route=%2Fwp%2Fv2%2Fcomments&post=183"}],"version-history":[{"count":0,"href":"https:\/\/3sbilgisayar.com\/index.php?rest_route=\/wp\/v2\/pages\/183\/revisions"}],"wp:attachment":[{"href":"https:\/\/3sbilgisayar.com\/index.php?rest_route=%2Fwp%2Fv2%2Fmedia&parent=183"}],"curies":[{"name":"wp","href":"https:\/\/api.w.org\/{rel}","templated":true}]}}