{"id":186,"date":"2022-04-17T18:18:28","date_gmt":"2022-04-17T15:18:28","guid":{"rendered":"http:\/\/www.3sbilgisayar.com\/?page_id=186"},"modified":"2025-04-07T15:59:53","modified_gmt":"2025-04-07T12:59:53","slug":"bilgisayar","status":"publish","type":"page","link":"https:\/\/3sbilgisayar.com\/?page_id=186","title":{"rendered":"Bilgisayar ve Sarf Malzemesi"},"content":{"rendered":"<div class=\"wpb-content-wrapper\"><p>[vc_row][vc_column][vc_column_text css_animation=&#8221;none&#8221; css=&#8221;&#8221;]<\/p>\n<h1 style=\"text-align: center;\">Bilgisayar ve Sarf Malzemesi Sat\u0131\u015f\u0131<\/h1>\n<p>[\/vc_column_text][vc_single_image image=&#8221;187&#8243; img_size=&#8221;full&#8221; alignment=&#8221;center&#8221; css_animation=&#8221;none&#8221; css=&#8221;&#8221;][\/vc_column][\/vc_row][vc_row equal_height=&#8221;yes&#8221; content_placement=&#8221;middle&#8221;][vc_column css_animation=&#8221;none&#8221;][vc_column_text]<\/p>\n<div class=\"ui--blog-header\" style=\"text-align: center;\">\n<p><strong>Bilgisayar Sat\u0131\u015f<\/strong><\/p>\n<p>Uygun fiyatl\u0131 ve y\u00fcksek performansl\u0131 bilgisayar , notebook, yaz\u0131c\u0131 ve \u00e7evrebirimleri sat\u0131\u015f\u0131 yapmaktay\u0131z.<\/p><\/div>\n<p>[\/vc_column_text][\/vc_column][\/vc_row]<\/p>\n<\/div>","protected":false},"excerpt":{"rendered":"<p>[vc_row][vc_column][vc_column_text css_animation=&#8221;none&#8221; css=&#8221;&#8221;] Bilgisayar ve Sarf Malzemesi Sat\u0131\u015f\u0131 [\/vc_column_text][vc_single_image image=&#8221;187&#8243; img_size=&#8221;full&#8221; alignment=&#8221;center&#8221; css_animation=&#8221;none&#8221; css=&#8221;&#8221;][\/vc_column][\/vc_row][vc_row equal_height=&#8221;yes&#8221; content_placement=&#8221;middle&#8221;][vc_column css_animation=&#8221;none&#8221;][vc_column_text] Bilgisayar Sat\u0131\u015f Uygun fiyatl\u0131 ve y\u00fcksek performansl\u0131 bilgisayar , notebook, yaz\u0131c\u0131 ve \u00e7evrebirimleri sat\u0131\u015f\u0131 yapmaktay\u0131z. [\/vc_column_text][\/vc_column][\/vc_row]<\/p>\n","protected":false},"author":1,"featured_media":0,"parent":0,"menu_order":0,"comment_status":"closed","ping_status":"closed","template":"","meta":{"footnotes":""},"class_list":["post-186","page","type-page","status-publish","hentry"],"_links":{"self":[{"href":"https:\/\/3sbilgisayar.com\/index.php?rest_route=\/wp\/v2\/pages\/186","targetHints":{"allow":["GET"]}}],"collection":[{"href":"https:\/\/3sbilgisayar.com\/index.php?rest_route=\/wp\/v2\/pages"}],"about":[{"href":"https:\/\/3sbilgisayar.com\/index.php?rest_route=\/wp\/v2\/types\/page"}],"author":[{"embeddable":true,"href":"https:\/\/3sbilgisayar.com\/index.php?rest_route=\/wp\/v2\/users\/1"}],"replies":[{"embeddable":true,"href":"https:\/\/3sbilgisayar.com\/index.php?rest_route=%2Fwp%2Fv2%2Fcomments&post=186"}],"version-history":[{"count":0,"href":"https:\/\/3sbilgisayar.com\/index.php?rest_route=\/wp\/v2\/pages\/186\/revisions"}],"wp:attachment":[{"href":"https:\/\/3sbilgisayar.com\/index.php?rest_route=%2Fwp%2Fv2%2Fmedia&parent=186"}],"curies":[{"name":"wp","href":"https:\/\/api.w.org\/{rel}","templated":true}]}}