{"id":204,"date":"2022-04-17T18:50:23","date_gmt":"2022-04-17T15:50:23","guid":{"rendered":"http:\/\/www.3sbilgisayar.com\/?page_id=204"},"modified":"2025-04-07T17:14:34","modified_gmt":"2025-04-07T14:14:34","slug":"pdks","status":"publish","type":"page","link":"https:\/\/3sbilgisayar.com\/?page_id=204","title":{"rendered":"PDKS Sistemleri"},"content":{"rendered":"<div class=\"wpb-content-wrapper\"><p>[vc_row][vc_column][vc_column_text css_animation=&#8221;none&#8221; css=&#8221;&#8221;]<\/p>\n<h1 style=\"text-align: center;\">Personel Kontrol, Kap\u0131 Ge\u00e7i\u015fi ve PDKS Sistemleri<\/h1>\n<p>[\/vc_column_text][vc_single_image image=&#8221;248&#8243; img_size=&#8221;full&#8221; alignment=&#8221;center&#8221; css_animation=&#8221;none&#8221; css=&#8221;&#8221;][\/vc_column][\/vc_row][vc_row equal_height=&#8221;yes&#8221; content_placement=&#8221;middle&#8221;][vc_column css_animation=&#8221;none&#8221;][vc_column_text]<\/p>\n<div class=\"ui--blog-header\">\n<h4 style=\"text-align: center;\">Personel Kontrol<\/h4>\n<h4 style=\"text-align: center;\">Kap\u0131 Ge\u00e7i\u015fi<\/h4>\n<h4 class=\"answers-detail__details-title\" style=\"text-align: center;\">PDKS &#8211; Personel Devam Kontrol ve Ziyaret\u00e7i Takip Sistemleri<\/h4>\n<\/div>\n<p>[\/vc_column_text][\/vc_column][\/vc_row]<\/p>\n<\/div>","protected":false},"excerpt":{"rendered":"<p>[vc_row][vc_column][vc_column_text css_animation=&#8221;none&#8221; css=&#8221;&#8221;] Personel Kontrol, Kap\u0131 Ge\u00e7i\u015fi ve PDKS Sistemleri [\/vc_column_text][vc_single_image image=&#8221;248&#8243; img_size=&#8221;full&#8221; alignment=&#8221;center&#8221; css_animation=&#8221;none&#8221; css=&#8221;&#8221;][\/vc_column][\/vc_row][vc_row equal_height=&#8221;yes&#8221; content_placement=&#8221;middle&#8221;][vc_column css_animation=&#8221;none&#8221;][vc_column_text] Personel Kontrol Kap\u0131 Ge\u00e7i\u015fi PDKS &#8211; Personel Devam Kontrol ve Ziyaret\u00e7i Takip Sistemleri [\/vc_column_text][\/vc_column][\/vc_row]<\/p>\n","protected":false},"author":1,"featured_media":0,"parent":0,"menu_order":0,"comment_status":"closed","ping_status":"closed","template":"","meta":{"footnotes":""},"class_list":["post-204","page","type-page","status-publish","hentry"],"_links":{"self":[{"href":"https:\/\/3sbilgisayar.com\/index.php?rest_route=\/wp\/v2\/pages\/204","targetHints":{"allow":["GET"]}}],"collection":[{"href":"https:\/\/3sbilgisayar.com\/index.php?rest_route=\/wp\/v2\/pages"}],"about":[{"href":"https:\/\/3sbilgisayar.com\/index.php?rest_route=\/wp\/v2\/types\/page"}],"author":[{"embeddable":true,"href":"https:\/\/3sbilgisayar.com\/index.php?rest_route=\/wp\/v2\/users\/1"}],"replies":[{"embeddable":true,"href":"https:\/\/3sbilgisayar.com\/index.php?rest_route=%2Fwp%2Fv2%2Fcomments&post=204"}],"version-history":[{"count":0,"href":"https:\/\/3sbilgisayar.com\/index.php?rest_route=\/wp\/v2\/pages\/204\/revisions"}],"wp:attachment":[{"href":"https:\/\/3sbilgisayar.com\/index.php?rest_route=%2Fwp%2Fv2%2Fmedia&parent=204"}],"curies":[{"name":"wp","href":"https:\/\/api.w.org\/{rel}","templated":true}]}}