{"id":312,"date":"2022-04-17T23:30:19","date_gmt":"2022-04-17T20:30:19","guid":{"rendered":"http:\/\/www.3sbilgisayar.com\/?page_id=312"},"modified":"2025-04-07T15:54:33","modified_gmt":"2025-04-07T12:54:33","slug":"hakkimizda","status":"publish","type":"page","link":"https:\/\/3sbilgisayar.com\/?page_id=312","title":{"rendered":"Hakk\u0131m\u0131zda"},"content":{"rendered":"<div class=\"wpb-content-wrapper\"><p>[vc_row][vc_column][vc_column_text]<\/p>\n<h3>Hakk\u0131m\u0131zda<\/h3>\n<p>[\/vc_column_text][vc_column_text css_animation=&#8221;none&#8221; css=&#8221;&#8221;]<\/p>\n<p style=\"text-align: justify;\"><img loading=\"lazy\" decoding=\"async\" class=\"size-medium wp-image-308 alignleft\" src=\"https:\/\/3sbilgisayar.com\/wp-content\/uploads\/2022\/04\/3s-300x190.png\" alt=\"\" width=\"300\" height=\"190\" srcset=\"https:\/\/3sbilgisayar.com\/wp-content\/uploads\/2022\/04\/3s-300x190.png 300w, https:\/\/3sbilgisayar.com\/wp-content\/uploads\/2022\/04\/3s-768x487.png 768w, https:\/\/3sbilgisayar.com\/wp-content\/uploads\/2022\/04\/3s.png 871w\" sizes=\"auto, (max-width: 300px) 100vw, 300px\" \/>3S Bilgisayar uzun y\u0131llard\u0131r alan\u0131nda uzman kadrosu ile Bilgi G\u00fcvenli\u011fi ve Dan\u0131\u015fmanl\u0131\u011f\u0131, Sistem ve Network G\u00fcvenli\u011fi, Mail G\u00fcvenli\u011fi, Web G\u00fcvenli\u011fi, DNS Korumas\u0131, Veri S\u0131z\u0131nt\u0131s\u0131 \u00d6nleme \u00c7\u00f6z\u00fcmleri, G\u00fcvenlik Duvar\u0131, Dok\u00fcman Yedekleme, Bilgisayar Donan\u0131mlar\u0131 vb. \u00fczerine faaliyet g\u00f6steren, bu alanlarda t\u00fcm m\u00fc\u015fterilerine, yerinde ve uzaktan g\u00fcvenli eri\u015fim metoduyla hizmet veren bir teknoloji firmas\u0131d\u0131r.<br \/>\nModern \u00e7a\u011f\u0131n y\u00f6n\u00fcn\u00fc belirleyen, teknolojinin en \u00f6nemli aya\u011f\u0131 olan Bili\u015fim sekt\u00f6r\u00fcnde faaliyet g\u00f6steren 3S Bilgisayar; Yaz\u0131l\u0131m ve Bilgisayar Hizmeti konular\u0131nda m\u00fc\u015fterilerine \u201cak\u0131lc\u0131\u201d fikirler sunmaktad\u0131r. Bilgisayar ve \u00e7evre birimlerinin bak\u0131m\u0131 konusunda geni\u015f i\u00e7erikli, h\u0131zl\u0131 ve \u201cg\u00fcvenilir\u201d hizmetler geli\u015ftirerek, m\u00fc\u015fteri a\u011f\u0131n\u0131 her ge\u00e7en g\u00fcn biraz daha geni\u015fleten 3S Bilgisayar; \u201cBilgisayar Bak\u0131m Anla\u015fmas\u0131, Server ve Firewall Kurulumu, Network Kurulumu, Bilgisayar Par\u00e7a Sat\u0131\u015f\u0131, Profesyonel Veri Kurtarma, Notebook Tamiri ve Sat\u0131\u015f\u0131, Web Tasar\u0131m\u0131 ve Web Yaz\u0131l\u0131m\u0131, Hosting ve Domain Hizmetleri\u201d konular\u0131nda faaliyet g\u00f6stermektedir.<\/p>\n<p style=\"text-align: justify;\">Bili\u015fim Alan\u0131nda iddial\u0131 olan firmam\u0131z, modern teknolojinin oldu\u011fu her yerde uzmanl\u0131\u011f\u0131 ve deneyimi ile \u00e7\u00f6z\u00fcm sa\u011flamaktad\u0131r. Bilgisayar sat\u0131\u015f konusunda da m\u00fc\u015fteri talebini kar\u015f\u0131layan firmam\u0131z, ekonomik, g\u00fcvenilir ve kaliteli hizmeti benimseyerek, par\u00e7a donan\u0131m sat\u0131\u015f\u0131n\u0131 da b\u00fcy\u00fck bir titizlikle ger\u00e7ekle\u015ftirmektedir. Anti-vir\u00fcs programlar\u0131 ve kurumsal i\u015fletmeler i\u00e7in yaz\u0131l\u0131m deste\u011fi de sunan 3S Bilgisayar, i\u015fletim sistemlerinin bak\u0131m\u0131n\u0131 da b\u00fcy\u00fck bir h\u0131zla ve \u201cmemnuniyet garantili\u201d olarak yapmaktad\u0131r. Kurumsalla\u015fma yolunda ilerleyen t\u00fcm ticari i\u015fletmeler i\u00e7in kritik derecede \u00f6nemli olan \u2018\u2019veri kurtarma\u201d konusunda da profesyonel hizmetler geli\u015ftiren firmam\u0131z, veri kurtarma i\u015flemlerini b\u00fcy\u00fck bir h\u0131zla ve gizlilik politikas\u0131 gere\u011fi 3. \u015fah\u0131slar\u0131n eri\u015fimine imk\u00e2n vermeden ger\u00e7ekle\u015ftirmektedir. Bilgisayar oldu\u011fu her yerde ve ihtiya\u00e7 duyulan her konuda profesyonel, yarat\u0131c\u0131, i\u015flevsel ve esnek \u00e7\u00f6z\u00fcmler sunarak ki\u015fisel ve kurumsal alanda g\u00fcvenilir hizmetler geli\u015ftiren firmam\u0131z, modern teknolojinin d\u00e2hil oldu\u011fu t\u00fcm ihtiya\u00e7larda tercih edilen ilk marka olmak i\u00e7in istikrarl\u0131 bir bi\u00e7imde \u00e7al\u0131\u015fmalar\u0131n\u0131 s\u00fcrd\u00fcrmektedir.<\/p>\n<p style=\"text-align: justify;\">Firmam\u0131z sorumluluklar\u0131n\u0131n bilincinde olan uzman bir kadro ile \u00e7al\u0131\u015fmaktad\u0131r. Firman\u0131n g\u00fcvenilirli\u011fi, kaliteli ve profesyonel ekip taraf\u0131ndan verilen hizmete ba\u011fl\u0131d\u0131r. Y\u0131llard\u0131r s\u00fcregelen Profesyonel ekibi ile, verdi\u011fi kaliteli ve \u00e7\u00f6z\u00fcm odakl\u0131 hizmet anlay\u0131\u015f\u0131 sayesinde, m\u00fc\u015fteri portf\u00f6y\u00fcn\u00fc s\u00fcrekli art\u0131ran dinamik yap\u0131m\u0131z bunun en g\u00fczel kan\u0131t\u0131d\u0131r.<\/p>\n<p>[\/vc_column_text][\/vc_column][\/vc_row]<\/p>\n<\/div>","protected":false},"excerpt":{"rendered":"<p>[vc_row][vc_column][vc_column_text] Hakk\u0131m\u0131zda [\/vc_column_text][vc_column_text css_animation=&#8221;none&#8221; css=&#8221;&#8221;] 3S Bilgisayar uzun y\u0131llard\u0131r alan\u0131nda uzman kadrosu ile Bilgi G\u00fcvenli\u011fi ve Dan\u0131\u015fmanl\u0131\u011f\u0131, Sistem ve Network G\u00fcvenli\u011fi, Mail G\u00fcvenli\u011fi, Web G\u00fcvenli\u011fi, DNS Korumas\u0131, Veri S\u0131z\u0131nt\u0131s\u0131 \u00d6nleme \u00c7\u00f6z\u00fcmleri, G\u00fcvenlik Duvar\u0131, Dok\u00fcman Yedekleme, Bilgisayar Donan\u0131mlar\u0131 vb. \u00fczerine faaliyet g\u00f6steren, bu alanlarda t\u00fcm m\u00fc\u015fterilerine, yerinde ve uzaktan g\u00fcvenli eri\u015fim metoduyla hizmet veren bir teknoloji [&hellip;]<\/p>\n","protected":false},"author":1,"featured_media":0,"parent":0,"menu_order":0,"comment_status":"closed","ping_status":"closed","template":"templates\/template-page-full-width.php","meta":{"footnotes":""},"class_list":["post-312","page","type-page","status-publish","hentry"],"_links":{"self":[{"href":"https:\/\/3sbilgisayar.com\/index.php?rest_route=\/wp\/v2\/pages\/312","targetHints":{"allow":["GET"]}}],"collection":[{"href":"https:\/\/3sbilgisayar.com\/index.php?rest_route=\/wp\/v2\/pages"}],"about":[{"href":"https:\/\/3sbilgisayar.com\/index.php?rest_route=\/wp\/v2\/types\/page"}],"author":[{"embeddable":true,"href":"https:\/\/3sbilgisayar.com\/index.php?rest_route=\/wp\/v2\/users\/1"}],"replies":[{"embeddable":true,"href":"https:\/\/3sbilgisayar.com\/index.php?rest_route=%2Fwp%2Fv2%2Fcomments&post=312"}],"version-history":[{"count":0,"href":"https:\/\/3sbilgisayar.com\/index.php?rest_route=\/wp\/v2\/pages\/312\/revisions"}],"wp:attachment":[{"href":"https:\/\/3sbilgisayar.com\/index.php?rest_route=%2Fwp%2Fv2%2Fmedia&parent=312"}],"curies":[{"name":"wp","href":"https:\/\/api.w.org\/{rel}","templated":true}]}}