{"id":322,"date":"2022-04-17T23:33:44","date_gmt":"2022-04-17T20:33:44","guid":{"rendered":"http:\/\/www.3sbilgisayar.com\/?page_id=322"},"modified":"2025-04-07T17:40:01","modified_gmt":"2025-04-07T14:40:01","slug":"uygulamalarimiz","status":"publish","type":"page","link":"https:\/\/3sbilgisayar.com\/?page_id=322","title":{"rendered":"Uygulamalar\u0131m\u0131z"},"content":{"rendered":"<div class=\"wpb-content-wrapper\"><p>[vc_row css=&#8221;.vc_custom_1744032639147{margin-bottom: 20px !important;}&#8221;][vc_column width=&#8221;1\/2&#8243;][vc_hoverbox image=&#8221;215&#8243; primary_title=&#8221;&#8221; hover_title=&#8221;H\u0131rs\u0131z Alarm Sistemleri&#8221; hover_btn_title=&#8221;Devam\u0131&#8221; hover_btn_style=&#8221;outline&#8221; hover_btn_color=&#8221;success&#8221; hover_add_button=&#8221;true&#8221; hover_btn_link=&#8221;url:https%3A%2F%2F3sbilgisayar.com%2F%3Fpage_id%3D209|title:H%C4%B1rs%C4%B1z%20Alarm%20Sistemleri&#8221;]<\/p>\n<p style=\"text-align: center;\"><span style=\"color: #008000;\">Can ve mal gu\u0308venlig\u0306i i\u00e7in<\/span><\/p>\n<p>[\/vc_hoverbox][\/vc_column][vc_column width=&#8221;1\/2&#8243;][vc_hoverbox image=&#8221;211&#8243; primary_title=&#8221;&#8221; hover_title=&#8221;Yang\u0131n Alarm Sistemleri&#8221; hover_btn_title=&#8221;Devam\u0131&#8221; hover_btn_style=&#8221;outline&#8221; hover_btn_color=&#8221;success&#8221; hover_add_button=&#8221;true&#8221; hover_btn_link=&#8221;url:https%3A%2F%2F3sbilgisayar.com%2F%3Fpage_id%3D208|title:Yang%C4%B1n%20Alarm%20Sistemleri&#8221;]<\/p>\n<p style=\"text-align: center;\"><span style=\"color: #008000;\">Adreslenebilir veya Konvansiyonel<\/span><\/p>\n<p>[\/vc_hoverbox][\/vc_column][\/vc_row][vc_row css=&#8221;.vc_custom_1744036498069{margin-top: 20px !important;margin-bottom: 20px !important;}&#8221;][vc_column width=&#8221;1\/2&#8243;][vc_hoverbox image=&#8221;219&#8243; primary_title=&#8221;&#8221; hover_title=&#8221;Kamera Sistemleri&#8221; hover_btn_title=&#8221;Devam\u0131&#8221; hover_btn_style=&#8221;outline&#8221; hover_btn_color=&#8221;success&#8221; hover_add_button=&#8221;true&#8221; hover_btn_link=&#8221;url:https%3A%2F%2F3sbilgisayar.com%2F%3Fpage_id%3D210|title:Kamera%20Sistemleri&#8221;]<\/p>\n<p style=\"text-align: center;\"><span style=\"color: #008000;\">IP Kameralar,NVR Kay\u0131t Cihazlar\u0131<\/span><br \/>\n<span style=\"color: #008000;\">NVR Kay\u0131t Cihazlar\u0131<\/span><\/p>\n<p>[\/vc_hoverbox][\/vc_column][vc_column width=&#8221;1\/2&#8243;][vc_hoverbox image=&#8221;248&#8243; primary_title=&#8221;&#8221; hover_title=&#8221;PDKS Sistemleri&#8221; hover_btn_title=&#8221;Devam\u0131&#8221; hover_btn_style=&#8221;outline&#8221; hover_btn_color=&#8221;success&#8221; hover_add_button=&#8221;true&#8221; hover_btn_link=&#8221;url:https%3A%2F%2F3sbilgisayar.com%2F%3Fpage_id%3D204|title:PDKS%20Sistemleri&#8221;]<\/p>\n<p style=\"text-align: center;\"><span style=\"color: #008000;\">Personel Kontrol<\/span><br \/>\n<span style=\"color: #008000;\">Kap\u0131 Ge\u00e7i\u015fi<\/span><\/p>\n<p>[\/vc_hoverbox][\/vc_column][\/vc_row]<\/p>\n<\/div>","protected":false},"excerpt":{"rendered":"<p>[vc_row css=&#8221;.vc_custom_1744032639147{margin-bottom: 20px !important;}&#8221;][vc_column width=&#8221;1\/2&#8243;][vc_hoverbox image=&#8221;215&#8243; primary_title=&#8221;&#8221; hover_title=&#8221;H\u0131rs\u0131z Alarm Sistemleri&#8221; hover_btn_title=&#8221;Devam\u0131&#8221; hover_btn_style=&#8221;outline&#8221; hover_btn_color=&#8221;success&#8221; hover_add_button=&#8221;true&#8221; hover_btn_link=&#8221;url:https%3A%2F%2F3sbilgisayar.com%2F%3Fpage_id%3D209|title:H%C4%B1rs%C4%B1z%20Alarm%20Sistemleri&#8221;] Can ve mal gu\u0308venlig\u0306i i\u00e7in [\/vc_hoverbox][\/vc_column][vc_column width=&#8221;1\/2&#8243;][vc_hoverbox image=&#8221;211&#8243; primary_title=&#8221;&#8221; hover_title=&#8221;Yang\u0131n Alarm Sistemleri&#8221; hover_btn_title=&#8221;Devam\u0131&#8221; hover_btn_style=&#8221;outline&#8221; hover_btn_color=&#8221;success&#8221; hover_add_button=&#8221;true&#8221; hover_btn_link=&#8221;url:https%3A%2F%2F3sbilgisayar.com%2F%3Fpage_id%3D208|title:Yang%C4%B1n%20Alarm%20Sistemleri&#8221;] Adreslenebilir veya Konvansiyonel [\/vc_hoverbox][\/vc_column][\/vc_row][vc_row css=&#8221;.vc_custom_1744036498069{margin-top: 20px !important;margin-bottom: 20px !important;}&#8221;][vc_column width=&#8221;1\/2&#8243;][vc_hoverbox image=&#8221;219&#8243; primary_title=&#8221;&#8221; hover_title=&#8221;Kamera Sistemleri&#8221; hover_btn_title=&#8221;Devam\u0131&#8221; hover_btn_style=&#8221;outline&#8221; hover_btn_color=&#8221;success&#8221; hover_add_button=&#8221;true&#8221; hover_btn_link=&#8221;url:https%3A%2F%2F3sbilgisayar.com%2F%3Fpage_id%3D210|title:Kamera%20Sistemleri&#8221;] IP Kameralar,NVR Kay\u0131t Cihazlar\u0131 [&hellip;]<\/p>\n","protected":false},"author":1,"featured_media":0,"parent":0,"menu_order":0,"comment_status":"closed","ping_status":"closed","template":"templates\/template-page-full-width.php","meta":{"footnotes":""},"class_list":["post-322","page","type-page","status-publish","hentry"],"_links":{"self":[{"href":"https:\/\/3sbilgisayar.com\/index.php?rest_route=\/wp\/v2\/pages\/322","targetHints":{"allow":["GET"]}}],"collection":[{"href":"https:\/\/3sbilgisayar.com\/index.php?rest_route=\/wp\/v2\/pages"}],"about":[{"href":"https:\/\/3sbilgisayar.com\/index.php?rest_route=\/wp\/v2\/types\/page"}],"author":[{"embeddable":true,"href":"https:\/\/3sbilgisayar.com\/index.php?rest_route=\/wp\/v2\/users\/1"}],"replies":[{"embeddable":true,"href":"https:\/\/3sbilgisayar.com\/index.php?rest_route=%2Fwp%2Fv2%2Fcomments&post=322"}],"version-history":[{"count":0,"href":"https:\/\/3sbilgisayar.com\/index.php?rest_route=\/wp\/v2\/pages\/322\/revisions"}],"wp:attachment":[{"href":"https:\/\/3sbilgisayar.com\/index.php?rest_route=%2Fwp%2Fv2%2Fmedia&parent=322"}],"curies":[{"name":"wp","href":"https:\/\/api.w.org\/{rel}","templated":true}]}}